{"id":1678,"date":"2022-06-06T07:42:22","date_gmt":"2022-06-06T07:42:22","guid":{"rendered":"https:\/\/nicktesting.kinsta.cloud\/shopdiko1\/?page_id=10"},"modified":"2025-11-10T02:23:25","modified_gmt":"2025-11-10T02:23:25","slug":"cart-wooshop-v1","status":"publish","type":"page","link":"https:\/\/nutrivida.cl\/store\/cart-wooshop-v1\/","title":{"rendered":"Cart"},"content":{"rendered":"\t\t<div data-elementor-type=\"wp-page\" data-elementor-id=\"1678\" class=\"elementor elementor-1678\" data-elementor-post-type=\"page\">\n\t\t\t\t\t\t<section class=\"elementor-section elementor-top-section elementor-element elementor-element-66f22496 elementor-section-boxed elementor-section-height-default elementor-section-height-default wpr-particle-no wpr-jarallax-no wpr-parallax-no wpr-sticky-section-no\" data-id=\"66f22496\" data-element_type=\"section\">\n\t\t\t\t\t\t<div class=\"elementor-container elementor-column-gap-default\">\n\t\t\t\t\t<div class=\"elementor-column elementor-col-100 elementor-top-column elementor-element elementor-element-27ed61d9\" data-id=\"27ed61d9\" data-element_type=\"column\">\n\t\t\t<div class=\"elementor-widget-wrap elementor-element-populated\">\n\t\t\t\t\t\t<div class=\"elementor-element elementor-element-00300b3 elementor-widget elementor-widget-heading\" data-id=\"00300b3\" data-element_type=\"widget\" data-widget_type=\"heading.default\">\n\t\t\t\t\t<h2 class=\"elementor-heading-title elementor-size-default\">Carro de Compras<\/h2>\t\t\t\t<\/div>\n\t\t\t\t<div class=\"elementor-element elementor-element-cb3d557 elementor-widget elementor-widget-text-editor\" data-id=\"cb3d557\" data-element_type=\"widget\" data-widget_type=\"text-editor.default\">\n\t\t\t\t\t\t\t\t\t<p>Detalles de tu compra<\/p>\t\t\t\t\t\t\t\t<\/div>\n\t\t\t\t\t<\/div>\n\t\t<\/div>\n\t\t\t\t\t<\/div>\n\t\t<\/section>\n\t\t\t\t<\/div>\n\t\t","protected":false},"excerpt":{"rendered":"<p>Carro de Compras Detalles de tu compra &nbsp; Producto &nbsp; Precio Cantidad Subtotal &times; 60 GOMITAS NAD+RESVERATROL 1000mg &#36;24.990 60 GOMITAS NAD+RESVERATROL 1000mg cantidad &#36;24.990 &times; MELENA DE LEON FORTIFICADA &#36;24.990 MELENA DE LEON FORTIFICADA cantidad &#36;49.980 Actualizar Carro Total: Subtotal &#36;74.970 Env\u00edo Env\u00edo gratuito Enviar a B\u00cdO B\u00cdO. Cambiar direcci\u00f3n Pa\u00eds\/regi\u00f3n Selecciona un pa\u00eds\/regi\u00f3n&hellip;Chile Regi\u00f3n \/ Provincia Elige una opci\u00f3n&hellip;ARICA Y PARINACOTATARAPAC\u00c1ANTOFAGASTAATACAMACOQUIMBOVALPARAISOMETROPOLITANA DE SANTIAGOLIBERTADOR GENERAL BERNARDO O&#039;HIGGINSMAULE\u00d1UBLEB\u00cdO B\u00cdOARAUCAN\u00cdALOS R\u00cdOSLOS LAGOSAYS\u00c9NMAGALLANES Y LA ANTARTICA CHILENA Ciudad: C\u00f3digo postal: Update Total &#36;74.970 Ir Finalizar Compra<\/p>\n","protected":false},"author":1,"featured_media":0,"parent":0,"menu_order":0,"comment_status":"closed","ping_status":"closed","template":"elementor_canvas","meta":{"_monsterinsights_skip_tracking":false,"_monsterinsights_sitenote_active":false,"_monsterinsights_sitenote_note":"","_monsterinsights_sitenote_category":0,"footnotes":""},"class_list":["post-1678","page","type-page","status-publish","hentry"],"_links":{"self":[{"href":"https:\/\/nutrivida.cl\/store\/wp-json\/wp\/v2\/pages\/1678","targetHints":{"allow":["GET"]}}],"collection":[{"href":"https:\/\/nutrivida.cl\/store\/wp-json\/wp\/v2\/pages"}],"about":[{"href":"https:\/\/nutrivida.cl\/store\/wp-json\/wp\/v2\/types\/page"}],"author":[{"embeddable":true,"href":"https:\/\/nutrivida.cl\/store\/wp-json\/wp\/v2\/users\/1"}],"replies":[{"embeddable":true,"href":"https:\/\/nutrivida.cl\/store\/wp-json\/wp\/v2\/comments?post=1678"}],"version-history":[{"count":4,"href":"https:\/\/nutrivida.cl\/store\/wp-json\/wp\/v2\/pages\/1678\/revisions"}],"predecessor-version":[{"id":2352,"href":"https:\/\/nutrivida.cl\/store\/wp-json\/wp\/v2\/pages\/1678\/revisions\/2352"}],"wp:attachment":[{"href":"https:\/\/nutrivida.cl\/store\/wp-json\/wp\/v2\/media?parent=1678"}],"curies":[{"name":"wp","href":"https:\/\/api.w.org\/{rel}","templated":true}]}}