{"id":2271,"date":"2025-11-08T00:08:59","date_gmt":"2025-11-08T00:08:59","guid":{"rendered":"https:\/\/nutrivida.cl\/store\/producto\/melena-de-leon-fortificada\/"},"modified":"2025-11-09T12:01:45","modified_gmt":"2025-11-09T12:01:45","slug":"melena-de-leon-fortificada","status":"publish","type":"product","link":"https:\/\/nutrivida.cl\/store\/producto\/melena-de-leon-fortificada\/","title":{"rendered":"MELENA DE LEON FORTIFICADA"},"content":{"rendered":"<h2 data-start=\"341\" data-end=\"434\">\ud83e\udde0 Melena de Le\u00f3n Fortificada con L-Treonato de Magnesio + Complejo B + Fosfatidilserina<\/h2>\n<p data-start=\"435\" data-end=\"497\"><strong data-start=\"435\" data-end=\"497\">Nutrici\u00f3n avanzada para tu mente, concentraci\u00f3n y memoria.<\/strong><\/p>\n<h3 data-start=\"499\" data-end=\"517\">\ud83d\udcac Descripci\u00f3n<\/h3>\n<p data-start=\"518\" data-end=\"911\">La <strong data-start=\"521\" data-end=\"539\">Melena de Le\u00f3n<\/strong> (Hericium erinaceus) es un hongo funcional reconocido por su capacidad para <strong data-start=\"616\" data-end=\"679\">estimular la neurog\u00e9nesis y proteger las c\u00e9lulas cerebrales<\/strong>.<br data-start=\"680\" data-end=\"683\" \/>En NutraVida la potenciamos con <strong data-start=\"715\" data-end=\"741\">L-Treonato de Magnesio<\/strong>, la forma m\u00e1s biodisponible de magnesio para el cerebro, adem\u00e1s de un <strong data-start=\"812\" data-end=\"835\">Complejo B completo<\/strong> y <strong data-start=\"838\" data-end=\"858\">Fosfatidilserina<\/strong>, fosfol\u00edpido esencial para la comunicaci\u00f3n neuronal. Formato frasco con 60 c\u00e1psulas.<\/p>\n<p data-start=\"913\" data-end=\"1075\">Esta f\u00f3rmula sin\u00e9rgica est\u00e1 pensada para quienes buscan <strong data-start=\"969\" data-end=\"1043\">claridad mental, enfoque sostenido y bienestar cognitivo a largo plazo<\/strong>, sin estimulantes artificiales.<\/p>\n<hr data-start=\"1077\" data-end=\"1080\" \/>\n<h3 data-start=\"1082\" data-end=\"1104\">\u26a1 Beneficios clave<\/h3>\n<p data-start=\"1105\" data-end=\"1129\"><strong data-start=\"1105\" data-end=\"1127\">\ud83e\udde9 Melena de Le\u00f3n:<\/strong><\/p>\n<ul data-start=\"1130\" data-end=\"1276\">\n<li data-start=\"1130\" data-end=\"1173\">\n<p data-start=\"1132\" data-end=\"1173\">Favorece la memoria y la concentraci\u00f3n.<\/p>\n<\/li>\n<li data-start=\"1174\" data-end=\"1221\">\n<p data-start=\"1176\" data-end=\"1221\">Estimula la regeneraci\u00f3n de neuronas (NGF).<\/p>\n<\/li>\n<li data-start=\"1222\" data-end=\"1276\">\n<p data-start=\"1224\" data-end=\"1276\">Apoya el bienestar emocional y la salud digestiva.<\/p>\n<\/li>\n<\/ul>\n<p data-start=\"1278\" data-end=\"1310\"><strong data-start=\"1278\" data-end=\"1308\">\ud83d\udd0b L-Treonato de Magnesio:<\/strong><\/p>\n<ul data-start=\"1311\" data-end=\"1435\">\n<li data-start=\"1311\" data-end=\"1369\">\n<p data-start=\"1313\" data-end=\"1369\">Mejora la funci\u00f3n cognitiva y la plasticidad cerebral.<\/p>\n<\/li>\n<li data-start=\"1370\" data-end=\"1435\">\n<p data-start=\"1372\" data-end=\"1435\">Reduce el cansancio mental y promueve el equilibrio nervioso.<\/p>\n<\/li>\n<\/ul>\n<p data-start=\"1437\" data-end=\"1476\"><strong data-start=\"1437\" data-end=\"1474\">\ud83d\udc8a Complejo B + Fosfatidilserina:<\/strong><\/p>\n<ul data-start=\"1477\" data-end=\"1603\">\n<li data-start=\"1477\" data-end=\"1540\">\n<p data-start=\"1479\" data-end=\"1540\">Contribuyen a la energ\u00eda celular y al rendimiento cerebral.<\/p>\n<\/li>\n<li data-start=\"1541\" data-end=\"1603\">\n<p data-start=\"1543\" data-end=\"1603\">Favorecen el enfoque, la memoria y la respuesta al estr\u00e9s.<\/p>\n<\/li>\n<\/ul>\n<hr data-start=\"1605\" data-end=\"1608\" \/>\n<h3 data-start=\"1610\" data-end=\"1628\">\ud83c\udf3f Ideal para:<\/h3>\n<ul data-start=\"1629\" data-end=\"1837\">\n<li data-start=\"1629\" data-end=\"1695\">\n<p data-start=\"1631\" data-end=\"1695\">Estudiantes, profesionales y personas con alta demanda mental.<\/p>\n<\/li>\n<li data-start=\"1696\" data-end=\"1777\">\n<p data-start=\"1698\" data-end=\"1777\">Quienes buscan mantener un cerebro activo y protegido con el paso del tiempo.<\/p>\n<\/li>\n<li data-start=\"1778\" data-end=\"1837\">\n<p data-start=\"1780\" data-end=\"1837\">Etapas de estr\u00e9s, cansancio o p\u00e9rdida de concentraci\u00f3n.<\/p>\n<\/li>\n<\/ul>\n<hr data-start=\"1839\" data-end=\"1842\" \/>\n<hr data-start=\"2039\" data-end=\"2042\" \/>\n<h3 data-start=\"2044\" data-end=\"2068\">\ud83c\udf31 Calidad NutraVida<\/h3>\n<p>VIDANOVA es marca Registrada en INAPI, se trabaja con resoluci\u00f3n sanitaria entregada por SEREMI.<\/p>\n<p>&nbsp;<\/p>\n","protected":false},"excerpt":{"rendered":"<p>\ud83e\udde0 Melena de Le\u00f3n Fortificada con L-Treonato de Magnesio + Complejo B + Fosfatidilserina Nutrici\u00f3n avanzada para tu mente, concentraci\u00f3n y memoria. \ud83d\udcac Descripci\u00f3n La Melena de Le\u00f3n (Hericium erinaceus) es un hongo funcional reconocido por su capacidad para estimular la neurog\u00e9nesis y proteger las c\u00e9lulas cerebrales.En NutraVida la potenciamos con L-Treonato de Magnesio, la forma m\u00e1s biodisponible de magnesio para el cerebro, adem\u00e1s de un Complejo B completo y Fosfatidilserina, fosfol\u00edpido esencial para la comunicaci\u00f3n neuronal. Formato frasco con 60 c\u00e1psulas. Esta f\u00f3rmula sin\u00e9rgica est\u00e1 pensada para quienes buscan claridad mental, enfoque sostenido y bienestar cognitivo a largo plazo, sin estimulantes artificiales. \u26a1 Beneficios clave \ud83e\udde9 Melena de Le\u00f3n: Favorece la memoria y la concentraci\u00f3n. Estimula la regeneraci\u00f3n de neuronas (NGF). Apoya el bienestar emocional y la salud digestiva. \ud83d\udd0b L-Treonato de Magnesio: Mejora la funci\u00f3n cognitiva y la plasticidad cerebral. Reduce el cansancio mental y promueve el equilibrio nervioso. \ud83d\udc8a Complejo B + Fosfatidilserina: Contribuyen a la energ\u00eda celular y al rendimiento cerebral. Favorecen el enfoque, la memoria y la respuesta al estr\u00e9s. \ud83c\udf3f Ideal para: Estudiantes, profesionales y personas con alta demanda mental. Quienes buscan mantener un cerebro activo y protegido con el paso del tiempo. Etapas de estr\u00e9s, cansancio o p\u00e9rdida de concentraci\u00f3n. \ud83c\udf31 Calidad NutraVida VIDANOVA es marca Registrada en INAPI, se trabaja con resoluci\u00f3n sanitaria entregada por SEREMI. &nbsp;<\/p>\n","protected":false},"featured_media":2279,"comment_status":"open","ping_status":"closed","template":"","meta":{"_monsterinsights_skip_tracking":false,"_monsterinsights_sitenote_active":false,"_monsterinsights_sitenote_note":"","_monsterinsights_sitenote_category":0},"product_brand":[45],"product_cat":[15],"product_tag":[],"class_list":{"0":"post-2271","1":"product","2":"type-product","3":"status-publish","4":"has-post-thumbnail","6":"product_brand-vidanova","7":"product_cat-sin-categoria","9":"first","10":"instock","11":"shipping-taxable","12":"purchasable","13":"product-type-simple"},"_links":{"self":[{"href":"https:\/\/nutrivida.cl\/store\/wp-json\/wp\/v2\/product\/2271","targetHints":{"allow":["GET"]}}],"collection":[{"href":"https:\/\/nutrivida.cl\/store\/wp-json\/wp\/v2\/product"}],"about":[{"href":"https:\/\/nutrivida.cl\/store\/wp-json\/wp\/v2\/types\/product"}],"replies":[{"embeddable":true,"href":"https:\/\/nutrivida.cl\/store\/wp-json\/wp\/v2\/comments?post=2271"}],"wp:featuredmedia":[{"embeddable":true,"href":"https:\/\/nutrivida.cl\/store\/wp-json\/wp\/v2\/media\/2279"}],"wp:attachment":[{"href":"https:\/\/nutrivida.cl\/store\/wp-json\/wp\/v2\/media?parent=2271"}],"wp:term":[{"taxonomy":"product_brand","embeddable":true,"href":"https:\/\/nutrivida.cl\/store\/wp-json\/wp\/v2\/product_brand?post=2271"},{"taxonomy":"product_cat","embeddable":true,"href":"https:\/\/nutrivida.cl\/store\/wp-json\/wp\/v2\/product_cat?post=2271"},{"taxonomy":"product_tag","embeddable":true,"href":"https:\/\/nutrivida.cl\/store\/wp-json\/wp\/v2\/product_tag?post=2271"}],"curies":[{"name":"wp","href":"https:\/\/api.w.org\/{rel}","templated":true}]}}