{"id":2357,"date":"2025-11-11T17:31:45","date_gmt":"2025-11-11T17:31:45","guid":{"rendered":"https:\/\/nutrivida.cl\/store\/producto\/creatina-woman-monohidratada-300g\/"},"modified":"2025-11-11T17:37:31","modified_gmt":"2025-11-11T17:37:31","slug":"creatina-woman-monohidratada-300g","status":"publish","type":"product","link":"https:\/\/nutrivida.cl\/store\/producto\/creatina-woman-monohidratada-300g\/","title":{"rendered":"Creatina WOMAN Monohidratada 300g"},"content":{"rendered":"<h2 data-start=\"300\" data-end=\"338\">\ud83d\udcaa Creatina Vidanova\u00ae Suples 300g<\/h2>\n<p data-start=\"339\" data-end=\"389\"><strong data-start=\"339\" data-end=\"389\">Energ\u00eda y rendimiento para tus entrenamientos.<\/strong><\/p>\n<h3 data-start=\"391\" data-end=\"411\">\ud83d\udcac Descripci\u00f3n<\/h3>\n<p data-start=\"412\" data-end=\"726\">La <strong data-start=\"415\" data-end=\"451\">Creatina Monohidratada Vidanova\u00ae<\/strong> es un suplemento nutricional dise\u00f1ado para quienes buscan mantener un <strong data-start=\"522\" data-end=\"566\">buen nivel de energ\u00eda y desempe\u00f1o f\u00edsico<\/strong> durante sus actividades deportivas o de alta exigencia.<br data-start=\"622\" data-end=\"625\" \/>F\u00e1cil de preparar y sin sabor, se disuelve r\u00e1pidamente para acompa\u00f1arte en cualquier momento del d\u00eda.<\/p>\n<hr data-start=\"728\" data-end=\"731\" \/>\n<h3 data-start=\"733\" data-end=\"756\">\u26a1 Caracter\u00edsticas<\/h3>\n<ul data-start=\"757\" data-end=\"955\">\n<li data-start=\"757\" data-end=\"801\">\n<p data-start=\"759\" data-end=\"801\">\ud83d\udca5 100% <strong data-start=\"767\" data-end=\"798\">Creatina Monohidratada pura<\/strong>.<\/p>\n<\/li>\n<li data-start=\"802\" data-end=\"846\">\n<p data-start=\"804\" data-end=\"846\">\ud83d\udca7 Se mezcla f\u00e1cilmente con agua o jugo.<\/p>\n<\/li>\n<li data-start=\"847\" data-end=\"916\">\n<p data-start=\"849\" data-end=\"916\">\ud83c\udfcb\ufe0f\u200d\u2640\ufe0f Ideal para <strong data-start=\"867\" data-end=\"913\">rutinas deportivas y entrenamiento regular<\/strong>.<\/p>\n<\/li>\n<li data-start=\"917\" data-end=\"955\">\n<p data-start=\"919\" data-end=\"955\">\ud83c\udf43 Libre de az\u00facar, grasa y sodio.<\/p>\n<\/li>\n<\/ul>\n<hr data-start=\"957\" data-end=\"960\" \/>\n<h3 data-start=\"962\" data-end=\"982\">\ud83e\uddc3 Modo de uso<\/h3>\n<p data-start=\"983\" data-end=\"1108\">Mezclar <strong data-start=\"991\" data-end=\"1009\">1 porci\u00f3n (5g)<\/strong> \u2014equivalente a una cucharadita\u2014 con <strong data-start=\"1046\" data-end=\"1064\">200 ml de agua<\/strong>.<br data-start=\"1065\" data-end=\"1068\" \/>Consumir en cualquier momento del d\u00eda.<\/p>\n<p data-start=\"1110\" data-end=\"1194\"><em data-start=\"1110\" data-end=\"1194\">(No recomendable para menores de 15 a\u00f1os, embarazadas ni en per\u00edodo de lactancia.)<\/em><\/p>\n<hr data-start=\"1196\" data-end=\"1199\" \/>\n<h3 data-start=\"1201\" data-end=\"1219\">\ud83d\udce6 Contenido<\/h3>\n<ul data-start=\"1220\" data-end=\"1288\">\n<li data-start=\"1220\" data-end=\"1255\">\n<p data-start=\"1222\" data-end=\"1255\"><strong data-start=\"1222\" data-end=\"1239\">Presentaci\u00f3n:<\/strong> Polvo \u2013 300 g<\/p>\n<\/li>\n<li data-start=\"1256\" data-end=\"1288\">\n<p data-start=\"1258\" data-end=\"1288\"><strong data-start=\"1258\" data-end=\"1283\">Porciones por envase:<\/strong> 60<\/p>\n<\/li>\n<\/ul>\n<hr data-start=\"1290\" data-end=\"1293\" \/>\n<h3 data-start=\"1295\" data-end=\"1316\">\ud83c\udf3f Ingredientes<\/h3>\n<p data-start=\"1317\" data-end=\"1347\">Creatina Monohidratada (100%).<\/p>\n<hr data-start=\"1349\" data-end=\"1352\" \/>\n<h3 data-start=\"1354\" data-end=\"1377\">\ud83e\uddca Almacenamiento<\/h3>\n<p data-start=\"1378\" data-end=\"1442\">Mantener en lugar fresco, seco y fuera del alcance de los ni\u00f1os.<\/p>\n","protected":false},"excerpt":{"rendered":"<p>\ud83d\udcaa Creatina Vidanova\u00ae Suples 300g Energ\u00eda y rendimiento para tus entrenamientos. \ud83d\udcac Descripci\u00f3n La Creatina Monohidratada Vidanova\u00ae es un suplemento nutricional dise\u00f1ado para quienes buscan mantener un buen nivel de energ\u00eda y desempe\u00f1o f\u00edsico durante sus actividades deportivas o de alta exigencia.F\u00e1cil de preparar y sin sabor, se disuelve r\u00e1pidamente para acompa\u00f1arte en cualquier momento del d\u00eda. \u26a1 Caracter\u00edsticas \ud83d\udca5 100% Creatina Monohidratada pura. \ud83d\udca7 Se mezcla f\u00e1cilmente con agua o jugo. \ud83c\udfcb\ufe0f\u200d\u2640\ufe0f Ideal para rutinas deportivas y entrenamiento regular. \ud83c\udf43 Libre de az\u00facar, grasa y sodio. \ud83e\uddc3 Modo de uso Mezclar 1 porci\u00f3n (5g) \u2014equivalente a una cucharadita\u2014 con 200 ml de agua.Consumir en cualquier momento del d\u00eda. (No recomendable para menores de 15 a\u00f1os, embarazadas ni en per\u00edodo de lactancia.) \ud83d\udce6 Contenido Presentaci\u00f3n: Polvo \u2013 300 g Porciones por envase: 60 \ud83c\udf3f Ingredientes Creatina Monohidratada (100%). \ud83e\uddca Almacenamiento Mantener en lugar fresco, seco y fuera del alcance de los ni\u00f1os.<\/p>\n","protected":false},"featured_media":2361,"comment_status":"open","ping_status":"closed","template":"","meta":{"_monsterinsights_skip_tracking":false,"_monsterinsights_sitenote_active":false,"_monsterinsights_sitenote_note":"","_monsterinsights_sitenote_category":0},"product_brand":[45],"product_cat":[49],"product_tag":[],"class_list":{"0":"post-2357","1":"product","2":"type-product","3":"status-publish","4":"has-post-thumbnail","6":"product_brand-vidanova","7":"product_cat-creatina","9":"first","10":"instock","11":"shipping-taxable","12":"purchasable","13":"product-type-simple"},"_links":{"self":[{"href":"https:\/\/nutrivida.cl\/store\/wp-json\/wp\/v2\/product\/2357","targetHints":{"allow":["GET"]}}],"collection":[{"href":"https:\/\/nutrivida.cl\/store\/wp-json\/wp\/v2\/product"}],"about":[{"href":"https:\/\/nutrivida.cl\/store\/wp-json\/wp\/v2\/types\/product"}],"replies":[{"embeddable":true,"href":"https:\/\/nutrivida.cl\/store\/wp-json\/wp\/v2\/comments?post=2357"}],"wp:featuredmedia":[{"embeddable":true,"href":"https:\/\/nutrivida.cl\/store\/wp-json\/wp\/v2\/media\/2361"}],"wp:attachment":[{"href":"https:\/\/nutrivida.cl\/store\/wp-json\/wp\/v2\/media?parent=2357"}],"wp:term":[{"taxonomy":"product_brand","embeddable":true,"href":"https:\/\/nutrivida.cl\/store\/wp-json\/wp\/v2\/product_brand?post=2357"},{"taxonomy":"product_cat","embeddable":true,"href":"https:\/\/nutrivida.cl\/store\/wp-json\/wp\/v2\/product_cat?post=2357"},{"taxonomy":"product_tag","embeddable":true,"href":"https:\/\/nutrivida.cl\/store\/wp-json\/wp\/v2\/product_tag?post=2357"}],"curies":[{"name":"wp","href":"https:\/\/api.w.org\/{rel}","templated":true}]}}