{"id":2363,"date":"2025-11-11T17:42:56","date_gmt":"2025-11-11T17:42:56","guid":{"rendered":"https:\/\/nutrivida.cl\/store\/producto\/proteina-iso-whey-1kg-chocolate\/"},"modified":"2025-11-11T17:49:19","modified_gmt":"2025-11-11T17:49:19","slug":"proteina-iso-whey-1kg-chocolate","status":"publish","type":"product","link":"https:\/\/nutrivida.cl\/store\/producto\/proteina-iso-whey-1kg-chocolate\/","title":{"rendered":"PROTEINA ISO WHEY 1KG CHOCOLATE"},"content":{"rendered":"<h2 data-start=\"259\" data-end=\"300\">\ud83c\udf6b Prote\u00edna Isolada Vidanova\u00ae Suples<\/h2>\n<p data-start=\"301\" data-end=\"356\"><strong data-start=\"301\" data-end=\"356\">Nutrici\u00f3n limpia y deliciosa para acompa\u00f1ar tu d\u00eda.<\/strong><\/p>\n<h3 data-start=\"358\" data-end=\"378\">\ud83d\udcac Descripci\u00f3n<\/h3>\n<p data-start=\"379\" data-end=\"706\">La <strong data-start=\"382\" data-end=\"419\">Prote\u00edna Isolada Vidanova\u00ae Suples<\/strong> est\u00e1 formulada para quienes buscan una fuente pr\u00e1ctica y de alta calidad de <strong data-start=\"496\" data-end=\"513\">prote\u00edna pura<\/strong>, ideal para complementar su alimentaci\u00f3n diaria o su rutina deportiva.<br data-start=\"584\" data-end=\"587\" \/>Su sabor suave y agradable facilita el consumo, ayudando a mantener una buena nutrici\u00f3n en cualquier momento del d\u00eda.<\/p>\n<hr data-start=\"708\" data-end=\"711\" \/>\n<h3 data-start=\"713\" data-end=\"748\">\u26a1 Caracter\u00edsticas principales<\/h3>\n<ul data-start=\"749\" data-end=\"1072\">\n<li data-start=\"749\" data-end=\"817\">\n<p data-start=\"751\" data-end=\"817\">\ud83e\udd5b <strong data-start=\"754\" data-end=\"814\">82% de prote\u00edna aislada de suero de leche (Whey Isolate)<\/strong>.<\/p>\n<\/li>\n<li data-start=\"818\" data-end=\"880\">\n<p data-start=\"820\" data-end=\"880\">\ud83d\udcaa Aporta <strong data-start=\"830\" data-end=\"877\">energ\u00eda y prote\u00ednas de alto valor biol\u00f3gico<\/strong>.<\/p>\n<\/li>\n<li data-start=\"881\" data-end=\"967\">\n<p data-start=\"883\" data-end=\"967\">\ud83c\udf43 Contiene <strong data-start=\"895\" data-end=\"938\">emulsionante natural (lecitina de soya)<\/strong> y <strong data-start=\"941\" data-end=\"964\">saborizante natural<\/strong>.<\/p>\n<\/li>\n<li data-start=\"968\" data-end=\"1016\">\n<p data-start=\"970\" data-end=\"1016\">\u274c Sin exceso de az\u00facares ni grasas a\u00f1adidas.<\/p>\n<\/li>\n<li data-start=\"1017\" data-end=\"1072\">\n<p data-start=\"1019\" data-end=\"1072\">\u2705 Endulzada con <strong data-start=\"1035\" data-end=\"1048\">sucralosa<\/strong>, sin aporte cal\u00f3rico.<\/p>\n<\/li>\n<\/ul>\n<hr data-start=\"1074\" data-end=\"1077\" \/>\n<h3 data-start=\"1079\" data-end=\"1099\">\ud83e\uddc3 Modo de uso<\/h3>\n<p data-start=\"1100\" data-end=\"1258\">A\u00f1adir <strong data-start=\"1107\" data-end=\"1133\">2 scoops (33 g aprox.)<\/strong> en un shaker o vaso con <strong data-start=\"1158\" data-end=\"1184\">200 ml de agua o leche<\/strong>.<br data-start=\"1185\" data-end=\"1188\" \/>Agitar hasta obtener una mezcla homog\u00e9nea y consumir inmediatamente.<\/p>\n<p data-start=\"1260\" data-end=\"1358\"><em data-start=\"1260\" data-end=\"1358\">(No apto para menores de 14 a\u00f1os, embarazadas o en per\u00edodo de lactancia. Contiene fenilalanina.)<\/em><\/p>\n<hr data-start=\"1360\" data-end=\"1363\" \/>\n<h3 data-start=\"1365\" data-end=\"1383\">\ud83d\udce6 Contenido<\/h3>\n<ul data-start=\"1384\" data-end=\"1558\">\n<li data-start=\"1384\" data-end=\"1423\">\n<p data-start=\"1386\" data-end=\"1423\"><strong data-start=\"1386\" data-end=\"1411\">Porciones por envase:<\/strong> 30 aprox.<\/p>\n<\/li>\n<li data-start=\"1424\" data-end=\"1450\">\n<p data-start=\"1426\" data-end=\"1450\"><strong data-start=\"1426\" data-end=\"1443\">Presentaci\u00f3n:<\/strong> 1 kg<\/p>\n<\/li>\n<li data-start=\"1451\" data-end=\"1558\">\n<p data-start=\"1453\" data-end=\"1558\"><strong data-start=\"1453\" data-end=\"1470\">Ingredientes:<\/strong> Prote\u00edna aislada de suero de leche, lecitina de soya, saborizante natural, sucralosa.<\/p>\n<\/li>\n<\/ul>\n<hr data-start=\"1560\" data-end=\"1563\" \/>\n<h3 data-start=\"1565\" data-end=\"1586\">\ud83c\udf3f Conservaci\u00f3n<\/h3>\n<p data-start=\"1587\" data-end=\"1668\">Mantener en un lugar fresco y seco.<br data-start=\"1622\" data-end=\"1625\" \/>Conservar fuera del alcance de los ni\u00f1os.<\/p>\n<hr data-start=\"1670\" data-end=\"1673\" \/>\n<blockquote data-start=\"1675\" data-end=\"1756\">\n<p data-start=\"1677\" data-end=\"1756\"><strong data-start=\"1677\" data-end=\"1693\">NutraVida.cl<\/strong> \u2014 Nutrici\u00f3n inteligente, energ\u00eda natural y bienestar diario.<\/p>\n<\/blockquote>\n","protected":false},"excerpt":{"rendered":"<p>\ud83c\udf6b Prote\u00edna Isolada Vidanova\u00ae Suples Nutrici\u00f3n limpia y deliciosa para acompa\u00f1ar tu d\u00eda. \ud83d\udcac Descripci\u00f3n La Prote\u00edna Isolada Vidanova\u00ae Suples est\u00e1 formulada para quienes buscan una fuente pr\u00e1ctica y de alta calidad de prote\u00edna pura, ideal para complementar su alimentaci\u00f3n diaria o su rutina deportiva.Su sabor suave y agradable facilita el consumo, ayudando a mantener una buena nutrici\u00f3n en cualquier momento del d\u00eda. \u26a1 Caracter\u00edsticas principales \ud83e\udd5b 82% de prote\u00edna aislada de suero de leche (Whey Isolate). \ud83d\udcaa Aporta energ\u00eda y prote\u00ednas de alto valor biol\u00f3gico. \ud83c\udf43 Contiene emulsionante natural (lecitina de soya) y saborizante natural. \u274c Sin exceso de az\u00facares ni grasas a\u00f1adidas. \u2705 Endulzada con sucralosa, sin aporte cal\u00f3rico. \ud83e\uddc3 Modo de uso A\u00f1adir 2 scoops (33 g aprox.) en un shaker o vaso con 200 ml de agua o leche.Agitar hasta obtener una mezcla homog\u00e9nea y consumir inmediatamente. (No apto para menores de 14 a\u00f1os, embarazadas o en per\u00edodo de lactancia. Contiene fenilalanina.) \ud83d\udce6 Contenido Porciones por envase: 30 aprox. Presentaci\u00f3n: 1 kg Ingredientes: Prote\u00edna aislada de suero de leche, lecitina de soya, saborizante natural, sucralosa. \ud83c\udf3f Conservaci\u00f3n Mantener en un lugar fresco y seco.Conservar fuera del alcance de los ni\u00f1os. NutraVida.cl \u2014 Nutrici\u00f3n inteligente, energ\u00eda natural y bienestar diario.<\/p>\n","protected":false},"featured_media":2368,"comment_status":"open","ping_status":"closed","template":"","meta":{"_monsterinsights_skip_tracking":false,"_monsterinsights_sitenote_active":false,"_monsterinsights_sitenote_note":"","_monsterinsights_sitenote_category":0},"product_brand":[45],"product_cat":[15],"product_tag":[],"class_list":{"0":"post-2363","1":"product","2":"type-product","3":"status-publish","4":"has-post-thumbnail","6":"product_brand-vidanova","7":"product_cat-sin-categoria","9":"first","10":"instock","11":"shipping-taxable","12":"purchasable","13":"product-type-simple"},"_links":{"self":[{"href":"https:\/\/nutrivida.cl\/store\/wp-json\/wp\/v2\/product\/2363","targetHints":{"allow":["GET"]}}],"collection":[{"href":"https:\/\/nutrivida.cl\/store\/wp-json\/wp\/v2\/product"}],"about":[{"href":"https:\/\/nutrivida.cl\/store\/wp-json\/wp\/v2\/types\/product"}],"replies":[{"embeddable":true,"href":"https:\/\/nutrivida.cl\/store\/wp-json\/wp\/v2\/comments?post=2363"}],"wp:featuredmedia":[{"embeddable":true,"href":"https:\/\/nutrivida.cl\/store\/wp-json\/wp\/v2\/media\/2368"}],"wp:attachment":[{"href":"https:\/\/nutrivida.cl\/store\/wp-json\/wp\/v2\/media?parent=2363"}],"wp:term":[{"taxonomy":"product_brand","embeddable":true,"href":"https:\/\/nutrivida.cl\/store\/wp-json\/wp\/v2\/product_brand?post=2363"},{"taxonomy":"product_cat","embeddable":true,"href":"https:\/\/nutrivida.cl\/store\/wp-json\/wp\/v2\/product_cat?post=2363"},{"taxonomy":"product_tag","embeddable":true,"href":"https:\/\/nutrivida.cl\/store\/wp-json\/wp\/v2\/product_tag?post=2363"}],"curies":[{"name":"wp","href":"https:\/\/api.w.org\/{rel}","templated":true}]}}