{"id":2370,"date":"2025-11-11T18:02:24","date_gmt":"2025-11-11T18:02:24","guid":{"rendered":"https:\/\/nutrivida.cl\/store\/producto\/audiocalm-suplemento-para-el-tinnitus\/"},"modified":"2025-11-11T18:09:52","modified_gmt":"2025-11-11T18:09:52","slug":"audiocalm-suplemento-para-el-tinnitus","status":"publish","type":"product","link":"https:\/\/nutrivida.cl\/store\/producto\/audiocalm-suplemento-para-el-tinnitus\/","title":{"rendered":"AudioCalm Suplemento para el Tinnitus"},"content":{"rendered":"<h2 data-start=\"409\" data-end=\"468\">\ud83c\udfa7 AudioCalm \u2014 Equilibrio y bienestar auditivo natural<\/h2>\n<h3 data-start=\"470\" data-end=\"490\">\ud83d\udcac Descripci\u00f3n<\/h3>\n<p data-start=\"491\" data-end=\"810\"><strong data-start=\"491\" data-end=\"504\">AudioCalm<\/strong> es un suplemento alimenticio natural formulado con extractos cuidadosamente seleccionados para <strong data-start=\"600\" data-end=\"655\">apoyar el bienestar del sistema auditivo y nervioso<\/strong>.<br data-start=\"656\" data-end=\"659\" \/>Su combinaci\u00f3n de ingredientes naturales favorece la relajaci\u00f3n y el equilibrio interno, ayudando a mantener una sensaci\u00f3n de calma y confort diario.<\/p>\n<p data-start=\"812\" data-end=\"971\">Elaborado bajo altos est\u00e1ndares de calidad, <strong data-start=\"856\" data-end=\"869\">AudioCalm<\/strong> ofrece una alternativa natural para quienes buscan cuidar su salud auditiva y su bienestar general.<\/p>\n<hr data-start=\"973\" data-end=\"976\" \/>\n<h3 data-start=\"978\" data-end=\"1003\">\ud83c\udf3f Beneficios clave<\/h3>\n<ul data-start=\"1004\" data-end=\"1297\">\n<li data-start=\"1004\" data-end=\"1081\">\n<p data-start=\"1006\" data-end=\"1081\">\ud83c\udf31 <strong data-start=\"1009\" data-end=\"1051\">Apoya el bienestar auditivo y nervioso<\/strong> con ingredientes naturales.<\/p>\n<\/li>\n<li data-start=\"1082\" data-end=\"1151\">\n<p data-start=\"1084\" data-end=\"1151\">\ud83e\uddd8 <strong data-start=\"1087\" data-end=\"1113\">Favorece la relajaci\u00f3n<\/strong> y ayuda a manejar el estr\u00e9s diario.<\/p>\n<\/li>\n<li data-start=\"1152\" data-end=\"1212\">\n<p data-start=\"1154\" data-end=\"1212\">\ud83d\udc9a <strong data-start=\"1157\" data-end=\"1209\">Contribuye al equilibrio emocional y al descanso<\/strong>.<\/p>\n<\/li>\n<li data-start=\"1213\" data-end=\"1297\">\n<p data-start=\"1215\" data-end=\"1297\">\u2697\ufe0f <strong data-start=\"1218\" data-end=\"1240\">Elaborado en Chile<\/strong>, con respaldo de la SEREMI de Salud R.M. N\u00b0 201365816.<\/p>\n<\/li>\n<\/ul>\n<hr data-start=\"1299\" data-end=\"1302\" \/>\n<h3 data-start=\"1304\" data-end=\"1329\">\ud83d\udce6 Especificaciones<\/h3>\n<ul data-start=\"1330\" data-end=\"1538\">\n<li data-start=\"1330\" data-end=\"1353\">\n<p data-start=\"1332\" data-end=\"1353\"><strong data-start=\"1332\" data-end=\"1345\">Duraci\u00f3n:<\/strong> 1 mes<\/p>\n<\/li>\n<li data-start=\"1354\" data-end=\"1398\">\n<p data-start=\"1356\" data-end=\"1398\"><strong data-start=\"1356\" data-end=\"1373\">Presentaci\u00f3n:<\/strong> Frasco con 60 c\u00e1psulas<\/p>\n<\/li>\n<li data-start=\"1399\" data-end=\"1437\">\n<p data-start=\"1401\" data-end=\"1437\"><strong data-start=\"1401\" data-end=\"1417\">Modo de uso:<\/strong> 2 c\u00e1psulas al d\u00eda<\/p>\n<\/li>\n<li data-start=\"1438\" data-end=\"1471\">\n<p data-start=\"1440\" data-end=\"1471\"><strong data-start=\"1440\" data-end=\"1450\">Sabor:<\/strong> Neutro \/ Sin sabor<\/p>\n<\/li>\n<li data-start=\"1472\" data-end=\"1493\">\n<p data-start=\"1474\" data-end=\"1493\"><strong data-start=\"1474\" data-end=\"1485\">Origen:<\/strong> Chile<\/p>\n<\/li>\n<li data-start=\"1494\" data-end=\"1538\">\n<p data-start=\"1496\" data-end=\"1538\"><strong data-start=\"1496\" data-end=\"1505\">Tipo:<\/strong> Suplemento alimenticio natural<\/p>\n<\/li>\n<\/ul>\n<hr data-start=\"1540\" data-end=\"1543\" \/>\n<h3 data-start=\"1545\" data-end=\"1568\">\ud83e\uddca Almacenamiento<\/h3>\n<p data-start=\"1569\" data-end=\"1638\">Mantener en un lugar fresco, seco y fuera del alcance de los ni\u00f1os.<\/p>\n<hr data-start=\"1640\" data-end=\"1643\" \/>\n<blockquote data-start=\"1645\" data-end=\"1719\">\n<p data-start=\"1647\" data-end=\"1719\"><strong data-start=\"1647\" data-end=\"1663\">NutraVida.cl<\/strong> \u2014 Suplementos naturales para tu bienestar integral \ud83c\udf3f<\/p>\n<\/blockquote>\n","protected":false},"excerpt":{"rendered":"<p>\ud83c\udfa7 AudioCalm \u2014 Equilibrio y bienestar auditivo natural \ud83d\udcac Descripci\u00f3n AudioCalm es un suplemento alimenticio natural formulado con extractos cuidadosamente seleccionados para apoyar el bienestar del sistema auditivo y nervioso.Su combinaci\u00f3n de ingredientes naturales favorece la relajaci\u00f3n y el equilibrio interno, ayudando a mantener una sensaci\u00f3n de calma y confort diario. Elaborado bajo altos est\u00e1ndares de calidad, AudioCalm ofrece una alternativa natural para quienes buscan cuidar su salud auditiva y su bienestar general. \ud83c\udf3f Beneficios clave \ud83c\udf31 Apoya el bienestar auditivo y nervioso con ingredientes naturales. \ud83e\uddd8 Favorece la relajaci\u00f3n y ayuda a manejar el estr\u00e9s diario. \ud83d\udc9a Contribuye al equilibrio emocional y al descanso. \u2697\ufe0f Elaborado en Chile, con respaldo de la SEREMI de Salud R.M. N\u00b0 201365816. \ud83d\udce6 Especificaciones Duraci\u00f3n: 1 mes Presentaci\u00f3n: Frasco con 60 c\u00e1psulas Modo de uso: 2 c\u00e1psulas al d\u00eda Sabor: Neutro \/ Sin sabor Origen: Chile Tipo: Suplemento alimenticio natural \ud83e\uddca Almacenamiento Mantener en un lugar fresco, seco y fuera del alcance de los ni\u00f1os. NutraVida.cl \u2014 Suplementos naturales para tu bienestar integral \ud83c\udf3f<\/p>\n","protected":false},"featured_media":2379,"comment_status":"open","ping_status":"closed","template":"","meta":{"_monsterinsights_skip_tracking":false,"_monsterinsights_sitenote_active":false,"_monsterinsights_sitenote_note":"","_monsterinsights_sitenote_category":0},"product_brand":[50],"product_cat":[15],"product_tag":[],"class_list":{"0":"post-2370","1":"product","2":"type-product","3":"status-publish","4":"has-post-thumbnail","6":"product_brand-swiss","7":"product_cat-sin-categoria","9":"first","10":"instock","11":"shipping-taxable","12":"purchasable","13":"product-type-simple"},"_links":{"self":[{"href":"https:\/\/nutrivida.cl\/store\/wp-json\/wp\/v2\/product\/2370","targetHints":{"allow":["GET"]}}],"collection":[{"href":"https:\/\/nutrivida.cl\/store\/wp-json\/wp\/v2\/product"}],"about":[{"href":"https:\/\/nutrivida.cl\/store\/wp-json\/wp\/v2\/types\/product"}],"replies":[{"embeddable":true,"href":"https:\/\/nutrivida.cl\/store\/wp-json\/wp\/v2\/comments?post=2370"}],"wp:featuredmedia":[{"embeddable":true,"href":"https:\/\/nutrivida.cl\/store\/wp-json\/wp\/v2\/media\/2379"}],"wp:attachment":[{"href":"https:\/\/nutrivida.cl\/store\/wp-json\/wp\/v2\/media?parent=2370"}],"wp:term":[{"taxonomy":"product_brand","embeddable":true,"href":"https:\/\/nutrivida.cl\/store\/wp-json\/wp\/v2\/product_brand?post=2370"},{"taxonomy":"product_cat","embeddable":true,"href":"https:\/\/nutrivida.cl\/store\/wp-json\/wp\/v2\/product_cat?post=2370"},{"taxonomy":"product_tag","embeddable":true,"href":"https:\/\/nutrivida.cl\/store\/wp-json\/wp\/v2\/product_tag?post=2370"}],"curies":[{"name":"wp","href":"https:\/\/api.w.org\/{rel}","templated":true}]}}