{"id":2424,"date":"2025-11-15T18:52:26","date_gmt":"2025-11-15T18:52:26","guid":{"rendered":"https:\/\/nutrivida.cl\/store\/producto\/deos-1000mg-60caps\/"},"modified":"2025-11-15T19:14:32","modified_gmt":"2025-11-15T19:14:32","slug":"deos-1000mg-60caps","status":"publish","type":"product","link":"https:\/\/nutrivida.cl\/store\/producto\/deos-1000mg-60caps\/","title":{"rendered":"DEOS  Desodorante Corporal"},"content":{"rendered":"<h1 data-start=\"253\" data-end=\"330\">\ud83c\udf3f <strong data-start=\"258\" data-end=\"330\">Beneficios del Suplemento Natural \u2013 F\u00f3rmula Detox &amp; Frescura\u00a0<\/strong><\/h1>\n<p data-start=\"332\" data-end=\"635\">Nuestra combinaci\u00f3n natural de <strong data-start=\"363\" data-end=\"416\">menta, perejil, hinojo, clorofila y Lactobacillus<\/strong> est\u00e1 dise\u00f1ada para apoyar el bienestar digestivo y promover una sensaci\u00f3n de frescura interna y externa. Cada ingrediente aporta beneficios \u00fanicos que colaboran en mantener el equilibrio del organismo de forma natural.<\/p>\n<hr data-start=\"637\" data-end=\"640\" \/>\n<h2 data-start=\"642\" data-end=\"673\">\u2728 <strong data-start=\"647\" data-end=\"673\">Beneficios Principales<\/strong><\/h2>\n<h3 data-start=\"675\" data-end=\"701\">\ud83c\udf31 <strong data-start=\"682\" data-end=\"701\">Frescor natural<\/strong><\/h3>\n<p data-start=\"702\" data-end=\"869\">La menta y el perejil contribuyen a generar una sensaci\u00f3n de <strong data-start=\"763\" data-end=\"781\">aliento fresco<\/strong>, gracias a sus propiedades arom\u00e1ticas y a su capacidad para reducir olores no deseados.<\/p>\n<h3 data-start=\"871\" data-end=\"912\">\ud83e\udda0 <strong data-start=\"878\" data-end=\"912\">Apoyo al equilibrio intestinal<\/strong><\/h3>\n<p data-start=\"913\" data-end=\"1125\">El <strong data-start=\"916\" data-end=\"933\">Lactobacillus<\/strong> aporta bacterias beneficiosas que colaboran con el <strong data-start=\"985\" data-end=\"1022\">equilibrio de la flora intestinal<\/strong>, ayudando a disminuir la producci\u00f3n de compuestos que pueden provocar mal aliento u olores corporales.<\/p>\n<h3 data-start=\"1127\" data-end=\"1175\">\ud83d\udee1\ufe0f <strong data-start=\"1135\" data-end=\"1175\">Apoyo natural contra microorganismos<\/strong><\/h3>\n<p data-start=\"1176\" data-end=\"1336\">La mezcla de menta, perejil y Lactobacillus ofrece propiedades que <strong data-start=\"1243\" data-end=\"1288\">apoyan la reducci\u00f3n de bacterias y hongos<\/strong>, favoreciendo una sensaci\u00f3n de higiene interna.<\/p>\n<h3 data-start=\"1338\" data-end=\"1373\">\ud83c\udf3f <strong data-start=\"1345\" data-end=\"1373\">Purificaci\u00f3n y bienestar<\/strong><\/h3>\n<p data-start=\"1374\" data-end=\"1529\">La <strong data-start=\"1377\" data-end=\"1390\">clorofila<\/strong> es conocida por su capacidad de apoyar procesos naturales de <strong data-start=\"1452\" data-end=\"1482\">limpieza y desintoxicaci\u00f3n<\/strong>, contribuyendo a un organismo m\u00e1s equilibrado.<\/p>\n<h3 data-start=\"1531\" data-end=\"1560\">\ud83c\udf3c <strong data-start=\"1538\" data-end=\"1560\">Bienestar corporal<\/strong><\/h3>\n<p data-start=\"1561\" data-end=\"1727\">El <strong data-start=\"1564\" data-end=\"1574\">hinojo<\/strong>, por su naturaleza vegetal, puede ayudar a mantener una sensaci\u00f3n de <strong data-start=\"1644\" data-end=\"1665\">frescura corporal<\/strong>, contribuyendo a reducir olores y promover bienestar general.<\/p>\n<hr data-start=\"1729\" data-end=\"1732\" \/>\n<h2 data-start=\"1734\" data-end=\"1763\">\ud83d\udce6 <strong data-start=\"1740\" data-end=\"1763\">Formato y Porciones<\/strong><\/h2>\n<ul data-start=\"1765\" data-end=\"1882\">\n<li data-start=\"1765\" data-end=\"1795\">\n<p data-start=\"1767\" data-end=\"1795\"><strong data-start=\"1767\" data-end=\"1781\">Contenido:<\/strong> 60 c\u00e1psulas<\/p>\n<\/li>\n<li data-start=\"1796\" data-end=\"1823\">\n<p data-start=\"1798\" data-end=\"1823\"><strong data-start=\"1798\" data-end=\"1810\">Porci\u00f3n:<\/strong> 2 c\u00e1psulas<\/p>\n<\/li>\n<\/ul>\n","protected":false},"excerpt":{"rendered":"<p>\ud83c\udf3f Beneficios del Suplemento Natural \u2013 F\u00f3rmula Detox &amp; Frescura\u00a0 Nuestra combinaci\u00f3n natural de menta, perejil, hinojo, clorofila y Lactobacillus est\u00e1 dise\u00f1ada para apoyar el bienestar digestivo y promover una sensaci\u00f3n de frescura interna y externa. Cada ingrediente aporta beneficios \u00fanicos que colaboran en mantener el equilibrio del organismo de forma natural. \u2728 Beneficios Principales \ud83c\udf31 Frescor natural La menta y el perejil contribuyen a generar una sensaci\u00f3n de aliento fresco, gracias a sus propiedades arom\u00e1ticas y a su capacidad para reducir olores no deseados. \ud83e\udda0 Apoyo al equilibrio intestinal El Lactobacillus aporta bacterias beneficiosas que colaboran con el equilibrio de la flora intestinal, ayudando a disminuir la producci\u00f3n de compuestos que pueden provocar mal aliento u olores corporales. \ud83d\udee1\ufe0f Apoyo natural contra microorganismos La mezcla de menta, perejil y Lactobacillus ofrece propiedades que apoyan la reducci\u00f3n de bacterias y hongos, favoreciendo una sensaci\u00f3n de higiene interna. \ud83c\udf3f Purificaci\u00f3n y bienestar La clorofila es conocida por su capacidad de apoyar procesos naturales de limpieza y desintoxicaci\u00f3n, contribuyendo a un organismo m\u00e1s equilibrado. \ud83c\udf3c Bienestar corporal El hinojo, por su naturaleza vegetal, puede ayudar a mantener una sensaci\u00f3n de frescura corporal, contribuyendo a reducir olores y promover bienestar general. \ud83d\udce6 Formato y Porciones Contenido: 60 c\u00e1psulas Porci\u00f3n: 2 c\u00e1psulas<\/p>\n","protected":false},"featured_media":2430,"comment_status":"open","ping_status":"closed","template":"","meta":{"_monsterinsights_skip_tracking":false,"_monsterinsights_sitenote_active":false,"_monsterinsights_sitenote_note":"","_monsterinsights_sitenote_category":0},"product_brand":[45],"product_cat":[15],"product_tag":[],"class_list":{"0":"post-2424","1":"product","2":"type-product","3":"status-publish","4":"has-post-thumbnail","6":"product_brand-vidanova","7":"product_cat-sin-categoria","9":"first","10":"instock","11":"shipping-taxable","12":"purchasable","13":"product-type-simple"},"_links":{"self":[{"href":"https:\/\/nutrivida.cl\/store\/wp-json\/wp\/v2\/product\/2424","targetHints":{"allow":["GET"]}}],"collection":[{"href":"https:\/\/nutrivida.cl\/store\/wp-json\/wp\/v2\/product"}],"about":[{"href":"https:\/\/nutrivida.cl\/store\/wp-json\/wp\/v2\/types\/product"}],"replies":[{"embeddable":true,"href":"https:\/\/nutrivida.cl\/store\/wp-json\/wp\/v2\/comments?post=2424"}],"wp:featuredmedia":[{"embeddable":true,"href":"https:\/\/nutrivida.cl\/store\/wp-json\/wp\/v2\/media\/2430"}],"wp:attachment":[{"href":"https:\/\/nutrivida.cl\/store\/wp-json\/wp\/v2\/media?parent=2424"}],"wp:term":[{"taxonomy":"product_brand","embeddable":true,"href":"https:\/\/nutrivida.cl\/store\/wp-json\/wp\/v2\/product_brand?post=2424"},{"taxonomy":"product_cat","embeddable":true,"href":"https:\/\/nutrivida.cl\/store\/wp-json\/wp\/v2\/product_cat?post=2424"},{"taxonomy":"product_tag","embeddable":true,"href":"https:\/\/nutrivida.cl\/store\/wp-json\/wp\/v2\/product_tag?post=2424"}],"curies":[{"name":"wp","href":"https:\/\/api.w.org\/{rel}","templated":true}]}}