{"id":2512,"date":"2025-11-17T13:37:14","date_gmt":"2025-11-17T13:37:14","guid":{"rendered":"https:\/\/nutrivida.cl\/store\/producto\/power-b-complex\/"},"modified":"2025-11-17T13:52:30","modified_gmt":"2025-11-17T13:52:30","slug":"power-b-complex","status":"publish","type":"product","link":"https:\/\/nutrivida.cl\/store\/producto\/power-b-complex\/","title":{"rendered":"Power B Complex"},"content":{"rendered":"<h1 data-start=\"162\" data-end=\"227\"><strong data-start=\"164\" data-end=\"227\">Complejo B \u2013 Energ\u00eda, Bienestar y Belleza desde el Interior<\/strong><\/h1>\n<p data-start=\"229\" data-end=\"574\">Mant\u00e9n tu cuerpo saludable y potencia tu belleza con nuestro <strong data-start=\"290\" data-end=\"304\">Complejo B<\/strong>, una f\u00f3rmula que re\u00fane <strong data-start=\"328\" data-end=\"354\">8 vitaminas esenciales<\/strong> para apoyar el metabolismo energ\u00e9tico, el buen funcionamiento del sistema nervioso y el crecimiento celular. Una combinaci\u00f3n completa para quienes buscan sentirse con m\u00e1s vitalidad y mantener su organismo en equilibrio.<\/p>\n<hr data-start=\"576\" data-end=\"579\" \/>\n<h2 data-start=\"581\" data-end=\"619\">\ud83c\udf1f <strong data-start=\"587\" data-end=\"619\">\u00bfQu\u00e9 aporta este suplemento?<\/strong><\/h2>\n<p data-start=\"620\" data-end=\"875\">El Complejo B ayuda a transformar los alimentos en energ\u00eda, contribuye al funcionamiento normal del sistema nervioso y apoya procesos fundamentales del organismo como la formaci\u00f3n de c\u00e9lulas, el mantenimiento de tejidos y la salud de la piel y el cabello.<\/p>\n<hr data-start=\"877\" data-end=\"880\" \/>\n<h2 data-start=\"882\" data-end=\"913\">\ud83d\udd25 <strong data-start=\"888\" data-end=\"913\">Contenido por c\u00e1psula<\/strong><\/h2>\n<p data-start=\"914\" data-end=\"969\">Incluye las ocho vitaminas m\u00e1s importantes del grupo B:<\/p>\n<ul data-start=\"971\" data-end=\"1236\">\n<li data-start=\"971\" data-end=\"1000\">\n<p data-start=\"973\" data-end=\"1000\"><strong data-start=\"973\" data-end=\"998\">Vitamina B1 (Tiamina)<\/strong><\/p>\n<\/li>\n<li data-start=\"1001\" data-end=\"1034\">\n<p data-start=\"1003\" data-end=\"1034\"><strong data-start=\"1003\" data-end=\"1032\">Vitamina B2 (Riboflavina)<\/strong><\/p>\n<\/li>\n<li data-start=\"1035\" data-end=\"1064\">\n<p data-start=\"1037\" data-end=\"1064\"><strong data-start=\"1037\" data-end=\"1062\">Vitamina B3 (Niacina)<\/strong><\/p>\n<\/li>\n<li data-start=\"1065\" data-end=\"1104\">\n<p data-start=\"1067\" data-end=\"1104\"><strong data-start=\"1067\" data-end=\"1102\">Vitamina B5 (\u00c1cido pantot\u00e9nico)<\/strong><\/p>\n<\/li>\n<li data-start=\"1105\" data-end=\"1137\">\n<p data-start=\"1107\" data-end=\"1137\"><strong data-start=\"1107\" data-end=\"1135\">Vitamina B6 (Piridoxina)<\/strong><\/p>\n<\/li>\n<li data-start=\"1138\" data-end=\"1167\">\n<p data-start=\"1140\" data-end=\"1167\"><strong data-start=\"1140\" data-end=\"1165\">Vitamina B7 (Biotina)<\/strong><\/p>\n<\/li>\n<li data-start=\"1168\" data-end=\"1202\">\n<p data-start=\"1170\" data-end=\"1202\"><strong data-start=\"1170\" data-end=\"1200\">Vitamina B9 (\u00c1cido f\u00f3lico)<\/strong><\/p>\n<\/li>\n<li data-start=\"1203\" data-end=\"1236\">\n<p data-start=\"1205\" data-end=\"1236\"><strong data-start=\"1205\" data-end=\"1234\">Vitamina B12 (Cobalamina)<\/strong><\/p>\n<\/li>\n<\/ul>\n<hr data-start=\"1238\" data-end=\"1241\" \/>\n<h2 data-start=\"1243\" data-end=\"1274\">\ud83c\udf3f <strong data-start=\"1249\" data-end=\"1274\">Beneficios destacados<\/strong><\/h2>\n<ul data-start=\"1275\" data-end=\"1795\">\n<li data-start=\"1275\" data-end=\"1317\">\n<p data-start=\"1277\" data-end=\"1317\">Contribuye a la producci\u00f3n de energ\u00eda.<\/p>\n<\/li>\n<li data-start=\"1318\" data-end=\"1367\">\n<p data-start=\"1320\" data-end=\"1367\">Apoya el funcionamiento del sistema nervioso.<\/p>\n<\/li>\n<li data-start=\"1368\" data-end=\"1419\">\n<p data-start=\"1370\" data-end=\"1419\">Participa en la formaci\u00f3n y reparaci\u00f3n del ADN.<\/p>\n<\/li>\n<li data-start=\"1420\" data-end=\"1487\">\n<p data-start=\"1422\" data-end=\"1487\">Contribuye al metabolismo de carbohidratos, grasas y prote\u00ednas.<\/p>\n<\/li>\n<li data-start=\"1488\" data-end=\"1555\">\n<p data-start=\"1490\" data-end=\"1555\">Ayuda a mantener la piel, el cabello y las u\u00f1as en buen estado.<\/p>\n<\/li>\n<li data-start=\"1556\" data-end=\"1604\">\n<p data-start=\"1558\" data-end=\"1604\">Apoya la formaci\u00f3n normal de gl\u00f3bulos rojos.<\/p>\n<\/li>\n<li data-start=\"1605\" data-end=\"1654\">\n<p data-start=\"1607\" data-end=\"1654\">Favorece el crecimiento y desarrollo celular.<\/p>\n<\/li>\n<li data-start=\"1655\" data-end=\"1719\">\n<p data-start=\"1657\" data-end=\"1719\">Puede apoyar la sensaci\u00f3n de bienestar y equilibrio general.<\/p>\n<\/li>\n<li data-start=\"1720\" data-end=\"1795\">\n<p data-start=\"1722\" data-end=\"1795\">Aporta nutrientes esenciales para etapas de alta demanda f\u00edsica o mental.<\/p>\n<\/li>\n<\/ul>\n","protected":false},"excerpt":{"rendered":"<p>Complejo B \u2013 Energ\u00eda, Bienestar y Belleza desde el Interior Mant\u00e9n tu cuerpo saludable y potencia tu belleza con nuestro Complejo B, una f\u00f3rmula que re\u00fane 8 vitaminas esenciales para apoyar el metabolismo energ\u00e9tico, el buen funcionamiento del sistema nervioso y el crecimiento celular. Una combinaci\u00f3n completa para quienes buscan sentirse con m\u00e1s vitalidad y mantener su organismo en equilibrio. \ud83c\udf1f \u00bfQu\u00e9 aporta este suplemento? El Complejo B ayuda a transformar los alimentos en energ\u00eda, contribuye al funcionamiento normal del sistema nervioso y apoya procesos fundamentales del organismo como la formaci\u00f3n de c\u00e9lulas, el mantenimiento de tejidos y la salud de la piel y el cabello. \ud83d\udd25 Contenido por c\u00e1psula Incluye las ocho vitaminas m\u00e1s importantes del grupo B: Vitamina B1 (Tiamina) Vitamina B2 (Riboflavina) Vitamina B3 (Niacina) Vitamina B5 (\u00c1cido pantot\u00e9nico) Vitamina B6 (Piridoxina) Vitamina B7 (Biotina) Vitamina B9 (\u00c1cido f\u00f3lico) Vitamina B12 (Cobalamina) \ud83c\udf3f Beneficios destacados Contribuye a la producci\u00f3n de energ\u00eda. Apoya el funcionamiento del sistema nervioso. Participa en la formaci\u00f3n y reparaci\u00f3n del ADN. Contribuye al metabolismo de carbohidratos, grasas y prote\u00ednas. Ayuda a mantener la piel, el cabello y las u\u00f1as en buen estado. Apoya la formaci\u00f3n normal de gl\u00f3bulos rojos. Favorece el crecimiento y desarrollo celular. Puede apoyar la sensaci\u00f3n de bienestar y equilibrio general. Aporta nutrientes esenciales para etapas de alta demanda f\u00edsica o mental.<\/p>\n","protected":false},"featured_media":2517,"comment_status":"open","ping_status":"closed","template":"","meta":{"_monsterinsights_skip_tracking":false,"_monsterinsights_sitenote_active":false,"_monsterinsights_sitenote_note":"","_monsterinsights_sitenote_category":0},"product_brand":[],"product_cat":[15],"product_tag":[],"class_list":{"0":"post-2512","1":"product","2":"type-product","3":"status-publish","4":"has-post-thumbnail","6":"product_cat-sin-categoria","8":"first","9":"instock","10":"shipping-taxable","11":"purchasable","12":"product-type-simple"},"_links":{"self":[{"href":"https:\/\/nutrivida.cl\/store\/wp-json\/wp\/v2\/product\/2512","targetHints":{"allow":["GET"]}}],"collection":[{"href":"https:\/\/nutrivida.cl\/store\/wp-json\/wp\/v2\/product"}],"about":[{"href":"https:\/\/nutrivida.cl\/store\/wp-json\/wp\/v2\/types\/product"}],"replies":[{"embeddable":true,"href":"https:\/\/nutrivida.cl\/store\/wp-json\/wp\/v2\/comments?post=2512"}],"wp:featuredmedia":[{"embeddable":true,"href":"https:\/\/nutrivida.cl\/store\/wp-json\/wp\/v2\/media\/2517"}],"wp:attachment":[{"href":"https:\/\/nutrivida.cl\/store\/wp-json\/wp\/v2\/media?parent=2512"}],"wp:term":[{"taxonomy":"product_brand","embeddable":true,"href":"https:\/\/nutrivida.cl\/store\/wp-json\/wp\/v2\/product_brand?post=2512"},{"taxonomy":"product_cat","embeddable":true,"href":"https:\/\/nutrivida.cl\/store\/wp-json\/wp\/v2\/product_cat?post=2512"},{"taxonomy":"product_tag","embeddable":true,"href":"https:\/\/nutrivida.cl\/store\/wp-json\/wp\/v2\/product_tag?post=2512"}],"curies":[{"name":"wp","href":"https:\/\/api.w.org\/{rel}","templated":true}]}}