{"id":2533,"date":"2025-11-19T20:39:43","date_gmt":"2025-11-19T20:39:43","guid":{"rendered":"https:\/\/nutrivida.cl\/store\/producto\/beeroot\/"},"modified":"2025-11-19T20:42:21","modified_gmt":"2025-11-19T20:42:21","slug":"beeroot","status":"publish","type":"product","link":"https:\/\/nutrivida.cl\/store\/producto\/beeroot\/","title":{"rendered":"BEEROOT"},"content":{"rendered":"<h1 data-start=\"200\" data-end=\"285\"><strong data-start=\"202\" data-end=\"285\">Ra\u00edz de Remolacha Org\u00e1nica Rosabella \u2013 Energ\u00eda, Circulaci\u00f3n y Vitalidad Natural<\/strong><\/h1>\n<p data-start=\"287\" data-end=\"605\">Descubre una forma sencilla y efectiva de potenciar tu bienestar diario con las <strong data-start=\"367\" data-end=\"419\">c\u00e1psulas de Ra\u00edz de Remolacha Org\u00e1nica Rosabella<\/strong>, cada porci\u00f3n cargada con <strong data-start=\"446\" data-end=\"489\">1300 mg de remolacha roja org\u00e1nica pura<\/strong>. Una opci\u00f3n natural, pr\u00e1ctica y sin sabor para quienes desean apoyar su energ\u00eda, circulaci\u00f3n y rendimiento general.<\/p>\n<hr data-start=\"607\" data-end=\"610\" \/>\n<h2 data-start=\"612\" data-end=\"640\"><strong data-start=\"615\" data-end=\"640\">Beneficios Destacados<\/strong><\/h2>\n<h3 data-start=\"642\" data-end=\"693\"><strong data-start=\"646\" data-end=\"691\">1300 mg de Remolacha Org\u00e1nica por Porci\u00f3n<\/strong><\/h3>\n<p data-start=\"694\" data-end=\"873\">Cada dosis est\u00e1 formulada con polvo de ra\u00edz de remolacha org\u00e1nica de alta calidad, ideal para complementar tu rutina diaria de bienestar sin necesidad de preparar jugos o batidos.<\/p>\n<h3 data-start=\"875\" data-end=\"927\"><strong data-start=\"879\" data-end=\"925\">Apoyo a la Circulaci\u00f3n y Vitalidad General<\/strong><\/h3>\n<p data-start=\"928\" data-end=\"1086\">Estas c\u00e1psulas ayudan a revitalizar tu cuerpo promoviendo una circulaci\u00f3n saludable, contribuyendo a un estilo de vida activo, equilibrado y lleno de energ\u00eda.<\/p>\n<h3 data-start=\"1088\" data-end=\"1122\"><strong data-start=\"1092\" data-end=\"1120\">F\u00f3rmula Limpia y Natural<\/strong><\/h3>\n<ul data-start=\"1123\" data-end=\"1264\">\n<li data-start=\"1123\" data-end=\"1157\">\n<p data-start=\"1125\" data-end=\"1157\">Remolacha org\u00e1nica certificada<\/p>\n<\/li>\n<li data-start=\"1158\" data-end=\"1174\">\n<p data-start=\"1160\" data-end=\"1174\">Libre de OGM<\/p>\n<\/li>\n<li data-start=\"1175\" data-end=\"1189\">\n<p data-start=\"1177\" data-end=\"1189\">Sin gluten<\/p>\n<\/li>\n<li data-start=\"1190\" data-end=\"1205\">\n<p data-start=\"1192\" data-end=\"1205\">Sin l\u00e1cteos<\/p>\n<\/li>\n<li data-start=\"1206\" data-end=\"1264\">\n<p data-start=\"1208\" data-end=\"1264\">Sin soya<br data-start=\"1216\" data-end=\"1219\" \/>Una opci\u00f3n segura y apta para consumo diario.<\/p>\n<\/li>\n<\/ul>\n<h3 data-start=\"1266\" data-end=\"1316\"><strong data-start=\"1270\" data-end=\"1314\">F\u00e1cil de Tomar, Sin Sabor ni Preparaci\u00f3n<\/strong><\/h3>\n<p data-start=\"1317\" data-end=\"1543\">Olv\u00eddate del jugo de remolacha y del desorden. Estas c\u00e1psulas son peque\u00f1as, f\u00e1ciles de tragar y totalmente ins\u00edpidas. Solo <strong data-start=\"1440\" data-end=\"1461\">2 c\u00e1psulas al d\u00eda<\/strong> para disfrutar de todos los beneficios del polvo de remolacha sin complicaciones.<\/p>\n<h3 data-start=\"1545\" data-end=\"1593\"><strong data-start=\"1549\" data-end=\"1591\">Perfecto para un Estilo de Vida Activo<\/strong><\/h3>\n<p data-start=\"1594\" data-end=\"1794\">Ya sea que practiques deporte, disfrutes las actividades al aire libre o simplemente busques m\u00e1s vitalidad en tu d\u00eda a d\u00eda, las c\u00e1psulas de remolacha Rosabella se adaptan de forma natural a tu rutina.<\/p>\n","protected":false},"excerpt":{"rendered":"<p>Ra\u00edz de Remolacha Org\u00e1nica Rosabella \u2013 Energ\u00eda, Circulaci\u00f3n y Vitalidad Natural Descubre una forma sencilla y efectiva de potenciar tu bienestar diario con las c\u00e1psulas de Ra\u00edz de Remolacha Org\u00e1nica Rosabella, cada porci\u00f3n cargada con 1300 mg de remolacha roja org\u00e1nica pura. Una opci\u00f3n natural, pr\u00e1ctica y sin sabor para quienes desean apoyar su energ\u00eda, circulaci\u00f3n y rendimiento general. Beneficios Destacados 1300 mg de Remolacha Org\u00e1nica por Porci\u00f3n Cada dosis est\u00e1 formulada con polvo de ra\u00edz de remolacha org\u00e1nica de alta calidad, ideal para complementar tu rutina diaria de bienestar sin necesidad de preparar jugos o batidos. Apoyo a la Circulaci\u00f3n y Vitalidad General Estas c\u00e1psulas ayudan a revitalizar tu cuerpo promoviendo una circulaci\u00f3n saludable, contribuyendo a un estilo de vida activo, equilibrado y lleno de energ\u00eda. F\u00f3rmula Limpia y Natural Remolacha org\u00e1nica certificada Libre de OGM Sin gluten Sin l\u00e1cteos Sin soyaUna opci\u00f3n segura y apta para consumo diario. F\u00e1cil de Tomar, Sin Sabor ni Preparaci\u00f3n Olv\u00eddate del jugo de remolacha y del desorden. Estas c\u00e1psulas son peque\u00f1as, f\u00e1ciles de tragar y totalmente ins\u00edpidas. Solo 2 c\u00e1psulas al d\u00eda para disfrutar de todos los beneficios del polvo de remolacha sin complicaciones. Perfecto para un Estilo de Vida Activo Ya sea que practiques deporte, disfrutes las actividades al aire libre o simplemente busques m\u00e1s vitalidad en tu d\u00eda a d\u00eda, las c\u00e1psulas de remolacha Rosabella se adaptan de forma natural a tu rutina.<\/p>\n","protected":false},"featured_media":2537,"comment_status":"open","ping_status":"closed","template":"","meta":{"_monsterinsights_skip_tracking":false,"_monsterinsights_sitenote_active":false,"_monsterinsights_sitenote_note":"","_monsterinsights_sitenote_category":0},"product_brand":[],"product_cat":[15],"product_tag":[],"class_list":{"0":"post-2533","1":"product","2":"type-product","3":"status-publish","4":"has-post-thumbnail","6":"product_cat-sin-categoria","8":"first","9":"instock","10":"shipping-taxable","11":"purchasable","12":"product-type-simple"},"_links":{"self":[{"href":"https:\/\/nutrivida.cl\/store\/wp-json\/wp\/v2\/product\/2533","targetHints":{"allow":["GET"]}}],"collection":[{"href":"https:\/\/nutrivida.cl\/store\/wp-json\/wp\/v2\/product"}],"about":[{"href":"https:\/\/nutrivida.cl\/store\/wp-json\/wp\/v2\/types\/product"}],"replies":[{"embeddable":true,"href":"https:\/\/nutrivida.cl\/store\/wp-json\/wp\/v2\/comments?post=2533"}],"wp:featuredmedia":[{"embeddable":true,"href":"https:\/\/nutrivida.cl\/store\/wp-json\/wp\/v2\/media\/2537"}],"wp:attachment":[{"href":"https:\/\/nutrivida.cl\/store\/wp-json\/wp\/v2\/media?parent=2533"}],"wp:term":[{"taxonomy":"product_brand","embeddable":true,"href":"https:\/\/nutrivida.cl\/store\/wp-json\/wp\/v2\/product_brand?post=2533"},{"taxonomy":"product_cat","embeddable":true,"href":"https:\/\/nutrivida.cl\/store\/wp-json\/wp\/v2\/product_cat?post=2533"},{"taxonomy":"product_tag","embeddable":true,"href":"https:\/\/nutrivida.cl\/store\/wp-json\/wp\/v2\/product_tag?post=2533"}],"curies":[{"name":"wp","href":"https:\/\/api.w.org\/{rel}","templated":true}]}}