{"id":2605,"date":"2026-04-14T00:30:28","date_gmt":"2026-04-14T00:30:28","guid":{"rendered":"https:\/\/nutrivida.cl\/store\/producto\/magnesio-complex-1000mg-60caps\/"},"modified":"2026-04-16T19:33:57","modified_gmt":"2026-04-16T19:33:57","slug":"magnesio-complex-1000mg-60caps","status":"publish","type":"product","link":"https:\/\/nutrivida.cl\/store\/producto\/magnesio-complex-1000mg-60caps\/","title":{"rendered":"MAGNESIO COMPLEX 1000MG 60CAPS"},"content":{"rendered":"<div class=\"Y3BBE\" data-sfc-cp=\"\" data-sfc-root=\"c\" data-sfc-cb=\"\" data-hveid=\"CAEIBBAA\" data-complete=\"true\" data-processed=\"true\"><strong class=\"Yjhzub\" data-sfc-root=\"c\" data-sfc-cb=\"\" data-complete=\"true\" data-processed=\"true\">\u00a1Potencia tu bienestar con el Triple Magnesio m\u00e1s completo del mercado!<\/strong> \ud83d\udc8e<\/div>\n<div class=\"Y3BBE\" data-sfc-cp=\"\" data-sfc-root=\"c\" data-sfc-cb=\"\" data-hveid=\"CAEIBRAA\" data-complete=\"true\" data-processed=\"true\">No todos los magnesios son iguales. Nuestra f\u00f3rmula avanzada combina las 3 formas de mayor absorci\u00f3n para que tu cuerpo realmente sienta el cambio:<button class=\"rBl3me\" tabindex=\"0\" data-amic=\"true\" data-icl-uuid=\"f879a4d9-9026-4168-9ee5-aef70524b02c\" aria-label=\"Ver v\u00ednculos relacionados\" data-wiz-attrbind=\"disabled=C6AdNe_7n\/C5gNJc;aria-label=C6AdNe_7n\/bOjMyf;class=C6AdNe_7n\/UpSNec\" data-ved=\"2ahUKEwiS7daxjfOTAxV5LbkGHUwYF6IQye0OegYIAQgFEAE\" data-hveid=\"CAEIBRAB\"><\/button><\/div>\n<div class=\"Y3BBE\" data-sfc-cp=\"\" data-sfc-root=\"c\" data-sfc-cb=\"\" data-hveid=\"CAEIBhAA\" data-complete=\"true\" data-processed=\"true\">\u2705\u00a0<strong class=\"Yjhzub\" data-sfc-root=\"c\" data-sfc-cb=\"\" data-complete=\"true\" data-processed=\"true\">Bisglicinato (350mg):<\/strong>\u00a0Relajaci\u00f3n y descanso profundo.<br data-sfc-root=\"c\" data-sfc-pl=\"|[]\" data-sfc-cb=\"\" data-complete=\"true\" data-processed=\"true\" \/>\u2705\u00a0<strong class=\"Yjhzub\" data-sfc-root=\"c\" data-sfc-cb=\"\" data-complete=\"true\" data-processed=\"true\">Malato (350mg):<\/strong>\u00a0Energ\u00eda celular y salud muscular.<br data-sfc-root=\"c\" data-sfc-pl=\"|[]\" data-sfc-cb=\"\" data-complete=\"true\" data-processed=\"true\" \/>\u2705\u00a0<strong class=\"Yjhzub\" data-sfc-root=\"c\" data-sfc-cb=\"\" data-complete=\"true\" data-processed=\"true\">Citrato (300mg):<\/strong>\u00a0Digesti\u00f3n saludable y r\u00e1pida absorci\u00f3n.<button class=\"rBl3me\" tabindex=\"0\" data-amic=\"true\" data-icl-uuid=\"78ed0d9f-fc5a-43ac-a8bf-3d4dd955a74f\" aria-label=\"Ver v\u00ednculos relacionados\" data-wiz-attrbind=\"disabled=C6AdNe_7w\/C5gNJc;aria-label=C6AdNe_7w\/bOjMyf;class=C6AdNe_7w\/UpSNec\" data-ved=\"2ahUKEwiS7daxjfOTAxV5LbkGHUwYF6IQye0OegYIAQgGEAE\" data-hveid=\"CAEIBhAB\"><\/button><\/div>\n<div class=\"Y3BBE\" data-sfc-cp=\"\" data-sfc-root=\"c\" data-sfc-cb=\"\" data-hveid=\"CAEIBxAA\" data-complete=\"true\" data-processed=\"true\" aria-owns=\"action-menu-parent-container\">\ud83d\udccd\u00a0<strong class=\"Yjhzub\" data-sfc-root=\"c\" data-sfc-cb=\"\" data-complete=\"true\" data-processed=\"true\">Calidad Garantizada:<\/strong>\u00a0Contamos con resoluci\u00f3n SEREMI y registro INAPI.<\/div>\n","protected":false},"excerpt":{"rendered":"<p>\u00a1Potencia tu bienestar con el Triple Magnesio m\u00e1s completo del mercado! \ud83d\udc8e No todos los magnesios son iguales. Nuestra f\u00f3rmula avanzada combina las 3 formas de mayor absorci\u00f3n para que tu cuerpo realmente sienta el cambio: \u2705\u00a0Bisglicinato (350mg):\u00a0Relajaci\u00f3n y descanso profundo.\u2705\u00a0Malato (350mg):\u00a0Energ\u00eda celular y salud muscular.\u2705\u00a0Citrato (300mg):\u00a0Digesti\u00f3n saludable y r\u00e1pida absorci\u00f3n. \ud83d\udccd\u00a0Calidad Garantizada:\u00a0Contamos con resoluci\u00f3n SEREMI y registro INAPI.<\/p>\n","protected":false},"featured_media":2610,"comment_status":"open","ping_status":"closed","template":"","meta":{"_monsterinsights_skip_tracking":false,"_monsterinsights_sitenote_active":false,"_monsterinsights_sitenote_note":"","_monsterinsights_sitenote_category":0},"product_brand":[],"product_cat":[15,47],"product_tag":[],"class_list":{"0":"post-2605","1":"product","2":"type-product","3":"status-publish","4":"has-post-thumbnail","6":"product_cat-sin-categoria","7":"product_cat-magnesio","9":"first","10":"instock","11":"shipping-taxable","12":"purchasable","13":"product-type-simple"},"_links":{"self":[{"href":"https:\/\/nutrivida.cl\/store\/wp-json\/wp\/v2\/product\/2605","targetHints":{"allow":["GET"]}}],"collection":[{"href":"https:\/\/nutrivida.cl\/store\/wp-json\/wp\/v2\/product"}],"about":[{"href":"https:\/\/nutrivida.cl\/store\/wp-json\/wp\/v2\/types\/product"}],"replies":[{"embeddable":true,"href":"https:\/\/nutrivida.cl\/store\/wp-json\/wp\/v2\/comments?post=2605"}],"wp:featuredmedia":[{"embeddable":true,"href":"https:\/\/nutrivida.cl\/store\/wp-json\/wp\/v2\/media\/2610"}],"wp:attachment":[{"href":"https:\/\/nutrivida.cl\/store\/wp-json\/wp\/v2\/media?parent=2605"}],"wp:term":[{"taxonomy":"product_brand","embeddable":true,"href":"https:\/\/nutrivida.cl\/store\/wp-json\/wp\/v2\/product_brand?post=2605"},{"taxonomy":"product_cat","embeddable":true,"href":"https:\/\/nutrivida.cl\/store\/wp-json\/wp\/v2\/product_cat?post=2605"},{"taxonomy":"product_tag","embeddable":true,"href":"https:\/\/nutrivida.cl\/store\/wp-json\/wp\/v2\/product_tag?post=2605"}],"curies":[{"name":"wp","href":"https:\/\/api.w.org\/{rel}","templated":true}]}}